{"id":790,"date":"2018-01-16T17:16:10","date_gmt":"2018-01-16T17:16:10","guid":{"rendered":"https:\/\/danro.ca\/why-danro\/"},"modified":"2019-06-16T10:59:59","modified_gmt":"2019-06-16T14:59:59","slug":"pourquoi-danro","status":"publish","type":"page","link":"https:\/\/danro.ca\/fr\/pourquoi-danro\/","title":{"rendered":"Pourquoi Danro"},"content":{"rendered":"<div class=\"am2-content clearfix\">\n            <div class=\"col-11\">\n            <p style=\"text-align: center;\">Chez Danro, nous croyons fermement que l\u2019\u00e9l\u00e9ment le plus important lorsqu\u2019on travaille avec un ouvrier, c\u2019est qu\u2019il soit digne <strong>de confiance<\/strong>.<\/p>\n<p style=\"text-align: center;\">\u00c0 Montr\u00e9al, il est parfois difficile de trouver de nouveaux ouvriers. La plupart des personnes fonctionnent par r\u00e9f\u00e9rence. C\u2019est l\u2019approche que nous reommandons, car c\u2019est la meilleure fa\u00e7on de trouver un ouvrier de qualit\u00e9. Si vos amis connaissent un bon ouvrier, consid\u00e9rez cette option en premier lieu! Mais ce n\u2019est pas tout le monde qui a cette chance.<\/p>\n<p style=\"text-align: center;\">Si vous \u00eates ici, c\u2019est parce que vous cherchez un nouveau pl\u00e2trier. Nous voulons faciliter votre t\u00e2che et r\u00e9duire les risques le plus possible. C\u2019est pourquoi nous vous offrons plus de garanties que n\u2019importe qui.<\/p>\n\n        <\/div>\n    <\/div><section class=\"layout layout--full section section--iwht padding-none\">\n    <div class=\"wrapper wrapper--full\">\n        <div class=\"container\">\n            <div class=\"iwht\">\n                            <div class=\"iwht__single col-16\">\n                    <figure class=\"iwht__single-icon\">\n                        <img loading=\"lazy\" decoding=\"async\" src=\"https:\/\/danro.ca\/wp-content\/uploads\/2018\/03\/warranty.png\" width=\"57\" height=\"65\" alt=\"Garantie de finition parfaite\">\n                    <\/figure>\n                    <p class=\"iwht__single-icon-title\">Garantie de finition parfaite<\/p>\n                                            <div class=\"iwht__single-icon-hover\">\n                            <p style=\"text-align: center;\">Nous vous promettons une finition parfaite et c\u2019est ce que vous aurez.<\/p>\n<p style=\"text-align: center;\">Apr\u00e8s notre d\u00e9part, si vous voyez un endroit qui a besoin d\u2019une petite retouche, nous la ferons avec plaisir sans frais suppl\u00e9mentaire.<\/p>\n<p style=\"text-align: center;\">Vous avez droit \u00e0 des retouches illimit\u00e9es au cours <strong>des 30 jours<\/strong> suivant la fin des travaux.<\/p>\n\n                        <\/div>\n                                    <\/div>\n                            <div class=\"iwht__single col-16\">\n                    <figure class=\"iwht__single-icon\">\n                        <img loading=\"lazy\" decoding=\"async\" src=\"https:\/\/danro.ca\/wp-content\/uploads\/2018\/03\/icon-3.png\" width=\"51\" height=\"77\" alt=\"Garantie d\u2019un prix fixe\">\n                    <\/figure>\n                    <p class=\"iwht__single-icon-title\">Garantie d\u2019un prix fixe<\/p>\n                                            <div class=\"iwht__single-icon-hover\">\n                            <p style=\"text-align: center;\">Vous avez le droit de savoir combien vous devrez payer.<\/p>\n<p style=\"text-align: center;\">\u00c9vitez les arnaques.<\/p>\n<p style=\"text-align: center;\">M\u00e9fiez-vous lorsqu\u2019on vous pr\u00e9sente une estimation \u00e0 bas prix, car parfois c\u2019est simplement pour obtenir le travail et ensuite ils augmentent le prix.<\/p>\n<p style=\"text-align: center;\">Avec nous, le prix estim\u00e9 est le prix que vous payerez. Si les travaux co\u00fbtent plus cher que pr\u00e9vu, nous payerons la diff\u00e9rence de notre poche.<\/p>\n\n                        <\/div>\n                                    <\/div>\n                            <div class=\"iwht__single col-16\">\n                    <figure class=\"iwht__single-icon\">\n                        <img loading=\"lazy\" decoding=\"async\" src=\"https:\/\/danro.ca\/wp-content\/uploads\/2018\/04\/Vector-Smart-Object-1.png\" width=\"58\" height=\"56\" alt=\"Satisfaction garantie \u00e0 100 %\">\n                    <\/figure>\n                    <p class=\"iwht__single-icon-title\">Satisfaction garantie \u00e0 100 %<\/p>\n                                            <div class=\"iwht__single-icon-hover\">\n                            <p style=\"text-align: center;\">Nous comprenons que l\u2019embauche d\u2019un ouvrier comporte certains risques. Particuli\u00e8rement \u00e0 Montr\u00e9al.<\/p>\n<p style=\"text-align: center;\">Nous voulons \u00e9liminer\u00a0<strong>tous vos risques<\/strong>\u00a0et\u00a0<strong>garantir votre satisfaction\u00a0<\/strong>envers notre travail.<\/p>\n<p style=\"text-align: center;\">Il n\u2019y a aucun acompte \u00e0 verser pour les travaux de moins de 5 000$*.<\/p>\n<p style=\"text-align: center;\">\u00a0<\/p>\n\n                        <\/div>\n                                    <\/div>\n                            <div class=\"iwht__single col-16\">\n                    <figure class=\"iwht__single-icon\">\n                        <img loading=\"lazy\" decoding=\"async\" src=\"https:\/\/danro.ca\/wp-content\/uploads\/2018\/04\/Vector-Smart-Object-3.png\" width=\"59\" height=\"59\" alt=\"Garantie \u00e0 temps\">\n                    <\/figure>\n                    <p class=\"iwht__single-icon-title\">Garantie \u00e0 temps<\/p>\n                                            <div class=\"iwht__single-icon-hover\">\n                            <p style=\"text-align: center;\">Le respect du client et de son temps est capital pour notre entreprise.<\/p>\n<p style=\"text-align: center;\">C\u2019est pourquoi, si nous arrivons avec\u00a0<strong>1 minute de retard<\/strong>\u00a0vous obtiendrez\u00a0<strong>10 % de rabais<\/strong>, sur le prix des travaux.<\/p>\n<p style=\"text-align: center;\">Cette garantie est valable pour tous les jours du projet.<\/p>\n<p style=\"text-align: center;\">Donc si nous avons\u00a0<strong>2 jours de retard,<\/strong>\u00a0vous obtiendrez\u00a0<strong>20 % de rabais.<\/strong>.<\/p>\n<p style=\"text-align: center;\">Nous sommes convaincus que\u00a0<strong>vous ne trouverez pas cette garantie ailleurs.<\/strong><\/p>\n\n                        <\/div>\n                                    <\/div>\n                            <div class=\"iwht__single col-16\">\n                    <figure class=\"iwht__single-icon\">\n                        <img loading=\"lazy\" decoding=\"async\" src=\"https:\/\/danro.ca\/wp-content\/uploads\/2018\/04\/Vector-Smart-Object.png\" width=\"40\" height=\"55\" alt=\"R\u00e9ponse rapide garantie\">\n                    <\/figure>\n                    <p class=\"iwht__single-icon-title\">R\u00e9ponse rapide garantie<\/p>\n                                            <div class=\"iwht__single-icon-hover\">\n                            <p style=\"text-align: center;\">Vous \u00eates occup\u00e9 et les jours filent.<\/p>\n<p style=\"text-align: center;\">Vous souhaitez avoir une r\u00e9ponse rapidement afin d\u2019avoir une id\u00e9e de la fa\u00e7on dont votre projet prendra forme.<\/p>\n<p style=\"text-align: center;\">C\u2019est pourquoi nous garantissons une r\u00e9ponse \u00e0 toute demande en moins de <strong>24 heures.<\/strong><\/p>\n<p style=\"text-align: center;\">*pour les travaux de 5 000 $ et plus, nous demandons un acompte de 30 %.<\/p>\n\n                        <\/div>\n                                    <\/div>\n                            <div class=\"iwht__single col-16\">\n                    <figure class=\"iwht__single-icon\">\n                        <img loading=\"lazy\" decoding=\"async\" src=\"https:\/\/danro.ca\/wp-content\/uploads\/2018\/04\/Vector-Smart-Object-2-1.png\" width=\"62\" height=\"60\" alt=\"Garantie d\u2019\u00e9conomie\">\n                    <\/figure>\n                    <p class=\"iwht__single-icon-title\">Garantie d\u2019\u00e9conomie<\/p>\n                                            <div class=\"iwht__single-icon-hover\">\n                            <p style=\"text-align: center;\">Vous profitez de tous les escomptes que nous obtenons \u00e0 l\u2019achat de mat\u00e9riel.<\/p>\n<p style=\"text-align: center;\">Nous obtenons entre\u00a0<strong>15-20 % d\u2019escompte<\/strong>\u00a0sur les mat\u00e9riaux.<\/p>\n<p style=\"text-align: center;\">Contrairement \u00e0 d\u2019autres pl\u00e2triers,\u00a0<strong>nous vous refilons ces \u00e9conomies<\/strong>\u00a0plut\u00f4t que de majorer nos prix.<\/p>\n\n                        <\/div>\n                                    <\/div>\n                        <\/div>\n        <\/div>\n    <\/div>\n<\/section>\n<div class=\"am2-content clearfix\">\n            <div class=\"col-11\">\n            <h3 style=\"text-align: center;\">Offrez \u00e0 votre maison le respect qu\u2019elle m\u00e9rite<\/h3>\n<p style=\"text-align: center;\">Lorsqu\u2019il s\u2019agit de faire des travaux dans votre maison, il y a certains m\u00e9tiers qui offrent un avantage lorsque vous trouvez une personne fiable : \u00e9lectriciens, plombiers et pl\u00e2triers\/peintres.<\/p>\n<p style=\"text-align: center;\">En ce qui concerne les \u00e9lectriciens et les plombiers, il est avantageux d\u2019en faire plus, car l\u2019\u00e9lectricit\u00e9 et l\u2019eau sont deux \u00e9l\u00e9ments qui peuvent s\u00e9rieusement endommager votre maison et mettre votre famille en danger.<\/p>\n<p><img loading=\"lazy\" decoding=\"async\" class=\"wp-image-774 size-full aligncenter\" src=\"https:\/\/danro.ca\/wp-content\/uploads\/2018\/04\/Vector-Smart-Object-2-1.png\" alt=\"\" width=\"62\" height=\"60\" \/><\/p>\n<p style=\"text-align: center;\">L\u2019am\u00e9lioration de ces deux \u00e9l\u00e9ments vous procure le plus important rendement sur votre investissement.<\/p>\n<p style=\"text-align: center;\">N\u00e9anmoins, comme ce sont deux \u00e9l\u00e9ments de votre maison qui sont invisibles, ils ne re\u00e7oivent pas toujours le respect qu\u2019ils m\u00e9ritent.<\/p>\n<p>&nbsp;<\/p>\n<h3 style=\"text-align: center;\">Vos r\u00e9novations de r\u00eave<\/h3>\n<p style=\"text-align: center;\">La situation est diff\u00e9rente pour la finition de la pl\u00e2tre et la peinture. Ils font souvent partie de vos r\u00e9novations ou de vos r\u00e9parations domicilaires lorsque vous voulez embellir votre int\u00e9rieur.<\/p>\n<p style=\"text-align: center;\">Vous r\u00eavez pendent des ann\u00e9es \u00e0 ces projets il est important que la touche finale permette de cr\u00e9er un espace o\u00f9 il fait bon vivre.<\/p>\n<p>\u00a0 <img loading=\"lazy\" decoding=\"async\" class=\"size-full wp-image-772 aligncenter\" src=\"https:\/\/danro.ca\/wp-content\/uploads\/2018\/04\/testimonial.png\" alt=\"\" width=\"49\" height=\"37\" \/><\/p>\n<h5 style=\"text-align: center;\">Un espace o\u00f9 vous serez fier et satisfait de vos choix. Vous vous nous embo\u00eetez, vous pouvez vous attendre \u00e0 ce que l&rsquo;on vous livre cet espace.<\/h5>\n<p>&nbsp;<\/p>\n<p style=\"text-align: center;\">Vous aurez la garantie d&rsquo;un travail de finition de qualit\u00e9 sup\u00e9rieure et de murs parfaitement lisses. De plus, si vous voulez\u00a0 peintre les murs nous vous offrons une finition parfaite. Nous ne sommes pas les plus \u00e9conomiques, mais nous avons cat\u00e9goriquement le service le plus fiable en ville.<\/p>\n<p style=\"text-align: center;\">Vous pouvez nous embaucher, vous pouvez vous attendre \u00e0 la perfection &#8211; aucune trace de pinceau, aucune bosse sur le mur et nous effectuons les corrections si n\u00e9cessaires. Nous sommes s\u00fbrs que vous serez satisfaits et que nous r\u00e9pondrons \u00e0 vos attentes.<\/p>\n<p>&nbsp;<\/p>\n<h3 style=\"text-align: center;\">Est-ce que Danro est pour vous?<\/h3>\n<p style=\"text-align: center;\"><em>Chez Danro, nous nous engageons \u00e0 terminer votre projet de r\u00e9novation sans aucun stress pour vous.<\/em><\/p>\n<p style=\"text-align: center;\"><em>Nos services ne sont pas les plus \u00e9conomiques en ville, donc nous comprenons que nous ne sommes pas \u00e0 la port\u00e9e de toutes les bourses, mais nous acceptons ce fait.<\/em><\/p>\n\n        <\/div>\n    <\/div><div class=\"am2-content clearfix\">\n            <div class=\"col-11\">\n            <p>&nbsp;<\/p>\n<div class=\"divider\">\u00a0<\/div>\n<div class=\"two-columns\">\n<div class=\"col-12\" style=\"text-align: center;\"><img loading=\"lazy\" decoding=\"async\" class=\"alignnone size-full wp-image-784\" src=\"https:\/\/danro.ca\/wp-content\/uploads\/2018\/04\/danro-yes.jpg\" alt=\"\" width=\"76\" height=\"76\" \/><\/p>\n<h3>Danro est PEUT-\u00caTRE pour vous si\u2026<\/h3>\n<p>Vous cherchez un pl\u00e2trier expert qui et digne de confiance. &#8211; Vous d\u00e9sirez r\u00e9aliser des travaux r\u00e9sidentiels. &#8211; Vous \u00eates propri\u00e9taire et vous d\u00e9sirez un espace de vie agr\u00e9able. &#8211; Vous accordez de l\u2019importance \u00e0 un travail bien fait. &#8211; Vous cherchez quelqu\u2019un qui se chargera du projet complet afin d\u2019\u00e9liminer votre stress et vos pr\u00e9occupations et vous permettre de vous concentrer sur vos activit\u00e9s quotidiennes. &#8211; Vous voulez quelqu\u2019un qui vous informe si un probl\u00e8me survient. &#8211; Vous voulez que la t\u00e2che soit accomplie dans un d\u00e9lai pr\u00e9cis par des personnes de confiance avec des r\u00e9sultats pr\u00e9visibles.<\/p><\/div>\n<div class=\"col-12\" style=\"text-align: center;\"><img loading=\"lazy\" decoding=\"async\" class=\"alignnone size-full wp-image-784\" src=\"https:\/\/danro.ca\/wp-content\/uploads\/2018\/04\/danro-no.jpg\" alt=\"\" width=\"76\" height=\"76\" \/><\/p>\n<h3>Danro N\u2019EST PAS pour vous si:<\/h3>\n<p>Vous avez un projet commercial. Nous nous concentrons sur les clients r\u00e9sidentiels. &#8211; Vous cherchez quelqu\u2019un pour faire une t\u00e2che \u00e0 bon march\u00e9, sans souci de qualit\u00e9, simplement pour cacher des fissures rapidement. &#8211; Vous ne voyez pas la n\u00e9cessit\u00e9 de d\u00e9penser de l\u2019argent sur la touche finale de votre maison m\u00eame si vous verrez les r\u00e9sultats chaque jour pendant les 5 ou 10 prochaines ann\u00e9es. &#8211; Vous n\u2019\u00eates pas un individu ouvert et honn\u00eate. Nous choisissons avec soin les personnes pour qui nous travaillons. Nous nous attendons \u00e0 ce que la confiance et la fiabilit\u00e9 aille dans les deux sens.<\/p><\/div>\n<\/div>\n<p><style>\n.am2-content .two-columns p{font-size:16px;}<br \/>\n\t.divider {<br \/>\n\t\twidth: 100%;<br \/>\n\t\tdisplay: block;<br \/>\n\t\tbackground-color: #c0c0c0;<br \/>\n\t\theight: 2px;<br \/>\n\t\tmargin-bottom: 40px;<br \/>\n\t}<br \/>\n\t@media (max-width: 768px) {<br \/>\n\t\t.two-columns .col-12{<br \/>\n\t\t\twidth: 100%;<br \/>\n\t\t\tmargin-right: 0;<br \/>\n\t\t}<br \/>\n\t}<br \/>\n<\/style><\/p>\n\n        <\/div>\n    <\/div><div class=\"am2-content clearfix\">\n            <div class=\"col-11\">\n            <p>&nbsp;<\/p>\n<p style=\"text-align: center;\">Il est possible que Danro ne vous convienne pas. Si vous voulez que le travail soit effectu\u00e9 rapidement et minimiser les co\u00fbts en compromettant la qualit\u00e9 alors Danro n\u2019est pas l\u2019entreprise pour vos besoins.<\/p>\n<p style=\"text-align: center;\">Pour certains d\u2019entre vous, Danro sera en mesure d\u2019offrir des r\u00e9sultats parfaits et pr\u00e9visibles afin d\u2019am\u00e9liorer significativement la qualit\u00e9 de votre maison.<\/p>\n<p style=\"text-align: center;\"><strong>R\u00e9servez-nous maintenant pour obtenir votre devis de garantie de 200%:<\/strong><\/p>\n<div style=\"text-align: center;\"><a href=\"https:\/\/danro.ca\/contact\/\" class=\"button button--wide center\">obtenir un devis \u00ab\u00a0\u00e0 temps\u00a0\u00bb garanti \u00e0 200% maintenant<\/a><\/div>\n\n        <\/div>\n    <\/div>","protected":false},"excerpt":{"rendered":"<p>Chez Danro, nous croyons fermement que l\u2019\u00e9l\u00e9ment le plus important lorsqu\u2019on travaille avec un ouvrier, c\u2019est qu\u2019il soit digne de confiance. \u00c0 Montr\u00e9al, il est parfois difficile de trouver de nouveaux ouvriers. La plupart des personnes fonctionnent par r\u00e9f\u00e9rence. C\u2019est l\u2019approche que nous reommandons, car c\u2019est la meilleure fa\u00e7on de trouver un ouvrier de qualit\u00e9. [&hellip;]<\/p>\n","protected":false},"author":1,"featured_media":0,"parent":0,"menu_order":0,"comment_status":"closed","ping_status":"closed","template":"","meta":{"_acf_changed":false,"footnotes":""},"class_list":["post-790","page","type-page","status-publish","hentry"],"acf":[],"yoast_head":"<!-- This site is optimized with the Yoast SEO plugin v27.0 - https:\/\/yoast.com\/product\/yoast-seo-wordpress\/ -->\n<title>Pourquoi Danro - Danro<\/title>\n<meta name=\"robots\" content=\"index, follow, max-snippet:-1, max-image-preview:large, max-video-preview:-1\" \/>\n<link rel=\"canonical\" href=\"https:\/\/danro.ca\/fr\/pourquoi-danro\/\" \/>\n<meta property=\"og:locale\" content=\"fr_FR\" \/>\n<meta property=\"og:type\" content=\"article\" \/>\n<meta property=\"og:title\" content=\"Pourquoi Danro - Danro\" \/>\n<meta property=\"og:description\" content=\"Chez Danro, nous croyons fermement que l\u2019\u00e9l\u00e9ment le plus important lorsqu\u2019on travaille avec un ouvrier, c\u2019est qu\u2019il soit digne de confiance. \u00c0 Montr\u00e9al, il est parfois difficile de trouver de nouveaux ouvriers. La plupart des personnes fonctionnent par r\u00e9f\u00e9rence. C\u2019est l\u2019approche que nous reommandons, car c\u2019est la meilleure fa\u00e7on de trouver un ouvrier de qualit\u00e9. [&hellip;]\" \/>\n<meta property=\"og:url\" content=\"https:\/\/danro.ca\/fr\/pourquoi-danro\/\" \/>\n<meta property=\"og:site_name\" content=\"Danro\" \/>\n<meta property=\"article:modified_time\" content=\"2019-06-16T14:59:59+00:00\" \/>\n<meta name=\"twitter:card\" content=\"summary_large_image\" \/>\n<script type=\"application\/ld+json\" class=\"yoast-schema-graph\">{\"@context\":\"https:\/\/schema.org\",\"@graph\":[{\"@type\":\"WebPage\",\"@id\":\"https:\/\/danro.ca\/fr\/pourquoi-danro\/\",\"url\":\"https:\/\/danro.ca\/fr\/pourquoi-danro\/\",\"name\":\"Pourquoi Danro - Danro\",\"isPartOf\":{\"@id\":\"https:\/\/danro.ca\/#website\"},\"datePublished\":\"2018-01-16T17:16:10+00:00\",\"dateModified\":\"2019-06-16T14:59:59+00:00\",\"breadcrumb\":{\"@id\":\"https:\/\/danro.ca\/fr\/pourquoi-danro\/#breadcrumb\"},\"inLanguage\":\"fr-FR\",\"potentialAction\":[{\"@type\":\"ReadAction\",\"target\":[\"https:\/\/danro.ca\/fr\/pourquoi-danro\/\"]}]},{\"@type\":\"BreadcrumbList\",\"@id\":\"https:\/\/danro.ca\/fr\/pourquoi-danro\/#breadcrumb\",\"itemListElement\":[{\"@type\":\"ListItem\",\"position\":1,\"name\":\"Home\",\"item\":\"https:\/\/danro.ca\/fr\/\"},{\"@type\":\"ListItem\",\"position\":2,\"name\":\"Pourquoi Danro\"}]},{\"@type\":\"WebSite\",\"@id\":\"https:\/\/danro.ca\/#website\",\"url\":\"https:\/\/danro.ca\/\",\"name\":\"Danro\",\"description\":\"\",\"potentialAction\":[{\"@type\":\"SearchAction\",\"target\":{\"@type\":\"EntryPoint\",\"urlTemplate\":\"https:\/\/danro.ca\/?s={search_term_string}\"},\"query-input\":{\"@type\":\"PropertyValueSpecification\",\"valueRequired\":true,\"valueName\":\"search_term_string\"}}],\"inLanguage\":\"fr-FR\"}]}<\/script>\n<!-- \/ Yoast SEO plugin. -->","yoast_head_json":{"title":"Pourquoi Danro - Danro","robots":{"index":"index","follow":"follow","max-snippet":"max-snippet:-1","max-image-preview":"max-image-preview:large","max-video-preview":"max-video-preview:-1"},"canonical":"https:\/\/danro.ca\/fr\/pourquoi-danro\/","og_locale":"fr_FR","og_type":"article","og_title":"Pourquoi Danro - Danro","og_description":"Chez Danro, nous croyons fermement que l\u2019\u00e9l\u00e9ment le plus important lorsqu\u2019on travaille avec un ouvrier, c\u2019est qu\u2019il soit digne de confiance. \u00c0 Montr\u00e9al, il est parfois difficile de trouver de nouveaux ouvriers. La plupart des personnes fonctionnent par r\u00e9f\u00e9rence. C\u2019est l\u2019approche que nous reommandons, car c\u2019est la meilleure fa\u00e7on de trouver un ouvrier de qualit\u00e9. [&hellip;]","og_url":"https:\/\/danro.ca\/fr\/pourquoi-danro\/","og_site_name":"Danro","article_modified_time":"2019-06-16T14:59:59+00:00","twitter_card":"summary_large_image","schema":{"@context":"https:\/\/schema.org","@graph":[{"@type":"WebPage","@id":"https:\/\/danro.ca\/fr\/pourquoi-danro\/","url":"https:\/\/danro.ca\/fr\/pourquoi-danro\/","name":"Pourquoi Danro - Danro","isPartOf":{"@id":"https:\/\/danro.ca\/#website"},"datePublished":"2018-01-16T17:16:10+00:00","dateModified":"2019-06-16T14:59:59+00:00","breadcrumb":{"@id":"https:\/\/danro.ca\/fr\/pourquoi-danro\/#breadcrumb"},"inLanguage":"fr-FR","potentialAction":[{"@type":"ReadAction","target":["https:\/\/danro.ca\/fr\/pourquoi-danro\/"]}]},{"@type":"BreadcrumbList","@id":"https:\/\/danro.ca\/fr\/pourquoi-danro\/#breadcrumb","itemListElement":[{"@type":"ListItem","position":1,"name":"Home","item":"https:\/\/danro.ca\/fr\/"},{"@type":"ListItem","position":2,"name":"Pourquoi Danro"}]},{"@type":"WebSite","@id":"https:\/\/danro.ca\/#website","url":"https:\/\/danro.ca\/","name":"Danro","description":"","potentialAction":[{"@type":"SearchAction","target":{"@type":"EntryPoint","urlTemplate":"https:\/\/danro.ca\/?s={search_term_string}"},"query-input":{"@type":"PropertyValueSpecification","valueRequired":true,"valueName":"search_term_string"}}],"inLanguage":"fr-FR"}]}},"_links":{"self":[{"href":"https:\/\/danro.ca\/fr\/wp-json\/wp\/v2\/pages\/790","targetHints":{"allow":["GET"]}}],"collection":[{"href":"https:\/\/danro.ca\/fr\/wp-json\/wp\/v2\/pages"}],"about":[{"href":"https:\/\/danro.ca\/fr\/wp-json\/wp\/v2\/types\/page"}],"author":[{"embeddable":true,"href":"https:\/\/danro.ca\/fr\/wp-json\/wp\/v2\/users\/1"}],"replies":[{"embeddable":true,"href":"https:\/\/danro.ca\/fr\/wp-json\/wp\/v2\/comments?post=790"}],"version-history":[{"count":0,"href":"https:\/\/danro.ca\/fr\/wp-json\/wp\/v2\/pages\/790\/revisions"}],"wp:attachment":[{"href":"https:\/\/danro.ca\/fr\/wp-json\/wp\/v2\/media?parent=790"}],"curies":[{"name":"wp","href":"https:\/\/api.w.org\/{rel}","templated":true}]}}