{"id":1517,"date":"2018-08-26T00:06:50","date_gmt":"2018-08-26T00:06:50","guid":{"rendered":"https:\/\/danro.ca\/employment\/"},"modified":"2018-09-03T09:13:18","modified_gmt":"2018-09-03T09:13:18","slug":"employment","status":"publish","type":"page","link":"https:\/\/danro.ca\/fr\/employment\/","title":{"rendered":"Emploi"},"content":{"rendered":"<div class=\"am2-content clearfix\">\n            <div class=\"col-11\">\n            <p style=\"text-align: center; margin: 0px 0px 24px ; font-size: 1.6em;padding:0px 15px;\">Si vous \u00eates sur cette page, cela signifie que vous \u00eates int\u00e9ress\u00e9 \u00e0 rejoindre notre \u00e9quipe.<\/p>\n<p><img loading=\"lazy\" decoding=\"async\" class=\"aligncenter wp-image-1511\" src=\"https:\/\/danro.ca\/wp-content\/uploads\/2018\/08\/18722966_229734434180476_3956166222558527488_n-300x300.jpg\" alt=\"\" width=\"416\" height=\"416\" srcset=\"https:\/\/danro.ca\/wp-content\/uploads\/2018\/08\/18722966_229734434180476_3956166222558527488_n-300x300.jpg 300w, https:\/\/danro.ca\/wp-content\/uploads\/2018\/08\/18722966_229734434180476_3956166222558527488_n-150x150.jpg 150w, https:\/\/danro.ca\/wp-content\/uploads\/2018\/08\/18722966_229734434180476_3956166222558527488_n.jpg 600w, https:\/\/danro.ca\/wp-content\/uploads\/2018\/08\/18722966_229734434180476_3956166222558527488_n-100x100.jpg 100w\" sizes=\"auto, (max-width: 416px) 100vw, 416px\" \/><\/p>\n<ul class=\"employment-list\">\n<li>La premi\u00e8re chose \u00e0 savoir, c&rsquo;est que nous travaillons uniquement dans le <strong>secteur r\u00e9sidentiel<\/strong>, de sorte que les exigences pour ce travail vont au-del\u00e0 du travail que nous effectuons.<\/li>\n<li>Traiter directement avec le propri\u00e9taire de la maison, il faut <strong>toujours \u00eatre \u00e0 l&rsquo;heure<\/strong> (respecter l&rsquo;horaire du client est la base de travail dans le secteur r\u00e9sidentiel), \u00eatre poli et compr\u00e9hensif avec les besoins du client, \u00eatre propre, faire un travail propre et toujours nettoyer la fin de chaque journ\u00e9e de travail.<\/li>\n<li>\u00catre <strong>bilingue est un avantage<\/strong> pour pouvoir communiquer avec des clients francophones et anglophones.<\/li>\n<li>En ce qui concerne la qualification, il n\u2019y a pas de minimum requis, m\u00eame si vous ne savez pas comment pl\u00e2trer (peindre), <strong>nous pourrions vous aider \u00e0 apprendre<\/strong>, en revanche, \u00eatre engag\u00e9 et responsable est<br \/>\nobligatoire.<\/li>\n<li><strong>L&rsquo;engagement et la responsabilit\u00e9<\/strong> s&rsquo;appliquent \u00e0 tous les membres de notre \u00e9quipe!<\/li>\n<\/ul>\n<p style=\"text-align: center;padding:0px 15px;\">Donc, si vous \u00eates toujours int\u00e9ress\u00e9 \u00e0 nous rejoindre, envoyez-nous votre CV et nous vous contacterons:<\/p>\n<div class=\"contact-page__form center-form\">\n<div class=\"wpcf7 no-js\" id=\"wpcf7-f1519-o1\" lang=\"en-US\" dir=\"ltr\" data-wpcf7-id=\"1519\">\n<div class=\"screen-reader-response\"><p role=\"status\" aria-live=\"polite\" aria-atomic=\"true\"><\/p> <ul><\/ul><\/div>\n<form action=\"\/fr\/wp-json\/wp\/v2\/pages\/1517#wpcf7-f1519-o1\" method=\"post\" class=\"wpcf7-form init\" aria-label=\"Contact form\" enctype=\"multipart\/form-data\" novalidate=\"novalidate\" data-status=\"init\">\n<div style=\"display: none;\">\n<input type=\"hidden\" name=\"_wpcf7\" value=\"1519\" \/>\n<input type=\"hidden\" name=\"_wpcf7_version\" value=\"6.0.6\" \/>\n<input type=\"hidden\" name=\"_wpcf7_locale\" value=\"en_US\" \/>\n<input type=\"hidden\" name=\"_wpcf7_unit_tag\" value=\"wpcf7-f1519-o1\" \/>\n<input type=\"hidden\" name=\"_wpcf7_container_post\" value=\"0\" \/>\n<input type=\"hidden\" name=\"_wpcf7_posted_data_hash\" value=\"\" \/>\n<input type=\"hidden\" name=\"_wpcf7_recaptcha_response\" value=\"\" \/>\n<\/div>\n<p><span class=\"wpcf7-form-control-wrap\" data-name=\"fullname\"><input size=\"40\" maxlength=\"400\" class=\"wpcf7-form-control wpcf7-text wpcf7-validates-as-required\" aria-required=\"true\" aria-invalid=\"false\" placeholder=\"Nom*\" value=\"\" type=\"text\" name=\"fullname\" \/><\/span>\n<\/p>\n<p><span class=\"wpcf7-form-control-wrap\" data-name=\"email\"><input size=\"40\" maxlength=\"400\" class=\"wpcf7-form-control wpcf7-email wpcf7-validates-as-required wpcf7-text wpcf7-validates-as-email\" aria-required=\"true\" aria-invalid=\"false\" placeholder=\"Courriel*\" value=\"\" type=\"email\" name=\"email\" \/><\/span>\n<\/p>\n<p><label for=\"file-325\">Joignez votre CV ici:<\/label><br \/>\n<span class=\"form-file\">Choisir un fichier <span class=\"wpcf7-form-control-wrap\" data-name=\"file-325\"><input size=\"40\" class=\"wpcf7-form-control wpcf7-file wpcf7-validates-as-required\" id=\"file-325\" accept=\"audio\/*,video\/*,image\/*\" aria-required=\"true\" aria-invalid=\"false\" type=\"file\" name=\"file-325\" \/><\/span><\/span><span class=\"file-upload-image\"><\/span>\n<\/p>\n<div class=\"recaptcha\">\n\n<\/div>\n<p><input class=\"wpcf7-form-control wpcf7-submit has-spinner button button--brand\" id=\"send\" type=\"submit\" value=\"Envoyer\" \/>\n<\/p><div class=\"wpcf7-response-output\" aria-hidden=\"true\"><\/div>\n<\/form>\n<\/div>\n<\/div>\n<p style=\"text-align: center; margin: 124px 0px 0px;padding:0px 15px; font-size:1.5em;\">Si vous n&rsquo;avez pas de CV, veuillez remplir le formulaire ci-dessous:<\/p>\n<p style=\"text-align: center;padding:0px 15px; font-size:1em;\">(tous les champs sont obligatoires, les<br \/>\ndemandes contenant des informations erron\u00e9es ou manquantes ne seront pas prises en compte)<\/p>\n<div class=\"contact-page__form center-form\">\n<div class=\"wpcf7 no-js\" id=\"wpcf7-f1520-o2\" lang=\"en-US\" dir=\"ltr\" data-wpcf7-id=\"1520\">\n<div class=\"screen-reader-response\"><p role=\"status\" aria-live=\"polite\" aria-atomic=\"true\"><\/p> <ul><\/ul><\/div>\n<form action=\"\/fr\/wp-json\/wp\/v2\/pages\/1517#wpcf7-f1520-o2\" method=\"post\" class=\"wpcf7-form init\" aria-label=\"Contact form\" novalidate=\"novalidate\" data-status=\"init\">\n<div style=\"display: none;\">\n<input type=\"hidden\" name=\"_wpcf7\" value=\"1520\" \/>\n<input type=\"hidden\" name=\"_wpcf7_version\" value=\"6.0.6\" \/>\n<input type=\"hidden\" name=\"_wpcf7_locale\" value=\"en_US\" \/>\n<input type=\"hidden\" name=\"_wpcf7_unit_tag\" value=\"wpcf7-f1520-o2\" \/>\n<input type=\"hidden\" name=\"_wpcf7_container_post\" value=\"0\" \/>\n<input type=\"hidden\" name=\"_wpcf7_posted_data_hash\" value=\"\" \/>\n<input type=\"hidden\" name=\"_wpcf7_recaptcha_response\" value=\"\" \/>\n<\/div>\n<p><span class=\"wpcf7-form-control-wrap\" data-name=\"fullname\"><input size=\"40\" maxlength=\"400\" class=\"wpcf7-form-control wpcf7-text wpcf7-validates-as-required\" aria-required=\"true\" aria-invalid=\"false\" placeholder=\"Nom complet*\" value=\"\" type=\"text\" name=\"fullname\" \/><\/span>\n<\/p>\n<p><span class=\"wpcf7-form-control-wrap\" data-name=\"street\"><input size=\"40\" maxlength=\"400\" class=\"wpcf7-form-control wpcf7-text wpcf7-validates-as-required street\" id=\"street\" aria-required=\"true\" aria-invalid=\"false\" placeholder=\"Adresse\" value=\"\" type=\"text\" name=\"street\" \/><\/span>\n<\/p>\n<p><span class=\"wpcf7-form-control-wrap\" data-name=\"addressline\"><input size=\"40\" maxlength=\"400\" class=\"wpcf7-form-control wpcf7-text address\" id=\"address\" aria-invalid=\"false\" placeholder=\"Ligne d&#039;adresse\" value=\"\" type=\"text\" name=\"addressline\" \/><\/span>\n<\/p>\n<p><span class=\"wpcf7-form-control-wrap\" data-name=\"city\"><input size=\"40\" maxlength=\"400\" class=\"wpcf7-form-control wpcf7-text wpcf7-validates-as-required city\" id=\"city\" aria-required=\"true\" aria-invalid=\"false\" placeholder=\"Ville\" value=\"\" type=\"text\" name=\"city\" \/><\/span><span class=\"wpcf7-form-control-wrap\" data-name=\"postal\"><input size=\"40\" maxlength=\"400\" class=\"wpcf7-form-control wpcf7-text wpcf7-validates-as-required postal\" id=\"postal\" aria-required=\"true\" aria-invalid=\"false\" placeholder=\"Code Postal\" value=\"\" type=\"text\" name=\"postal\" \/><\/span>\n<\/p>\n<p><span class=\"wpcf7-form-control-wrap\" data-name=\"telephone\"><input size=\"40\" maxlength=\"400\" class=\"wpcf7-form-control wpcf7-tel wpcf7-validates-as-required wpcf7-text wpcf7-validates-as-tel telephone\" id=\"telephone\" aria-required=\"true\" aria-invalid=\"false\" placeholder=\"Num\u00e9ro de t\u00e9l\u00e9phone\" value=\"\" type=\"tel\" name=\"telephone\" \/><\/span>\n<\/p>\n<p><span class=\"wpcf7-form-control-wrap\" data-name=\"email\"><input size=\"40\" maxlength=\"400\" class=\"wpcf7-form-control wpcf7-email wpcf7-validates-as-required wpcf7-text wpcf7-validates-as-email\" aria-required=\"true\" aria-invalid=\"false\" placeholder=\"Adresse Email*\" value=\"\" type=\"email\" name=\"email\" \/><\/span>\n<\/p>\n<p><label>Avez-vous un permis de conduire?<\/label><br \/>\n<span class=\"wpcf7-form-control-wrap\" data-name=\"radio-171\"><span class=\"wpcf7-form-control wpcf7-radio\"><span class=\"wpcf7-list-item first\"><label><input type=\"radio\" name=\"radio-171\" value=\"Oui\" \/><span class=\"wpcf7-list-item-label\">Oui<\/span><\/label><\/span><span class=\"wpcf7-list-item last\"><label><input type=\"radio\" name=\"radio-171\" value=\"Non\" \/><span class=\"wpcf7-list-item-label\">Non<\/span><\/label><\/span><\/span><\/span>\n<\/p>\n<p><label>Poss\u00e9dez-vous une voiture?<\/label><br \/>\n<span class=\"wpcf7-form-control-wrap\" data-name=\"radio-172\"><span class=\"wpcf7-form-control wpcf7-radio\"><span class=\"wpcf7-list-item first\"><label><input type=\"radio\" name=\"radio-172\" value=\"Oui\" \/><span class=\"wpcf7-list-item-label\">Oui<\/span><\/label><\/span><span class=\"wpcf7-list-item last\"><label><input type=\"radio\" name=\"radio-172\" value=\"Non\" \/><span class=\"wpcf7-list-item-label\">Non<\/span><\/label><\/span><\/span><\/span>\n<\/p>\n<p><label>\u00c9ducation<\/label><br \/>\n<span class=\"wpcf7-form-control-wrap\" data-name=\"textarea-967\"><textarea cols=\"40\" rows=\"5\" maxlength=\"2000\" class=\"wpcf7-form-control wpcf7-textarea wpcf7-validates-as-required\" aria-required=\"true\" aria-invalid=\"false\" placeholder=\"\u00c9coles fr\u00e9quent\u00e9es\" name=\"textarea-967\"><\/textarea><\/span>\n<\/p>\n<p><label>Langues parl\u00e9es<\/label><br \/>\n<span class=\"wpcf7-form-control-wrap\" data-name=\"textarea-968\"><textarea cols=\"40\" rows=\"6\" maxlength=\"2000\" class=\"wpcf7-form-control wpcf7-textarea wpcf7-validates-as-required\" aria-required=\"true\" aria-invalid=\"false\" placeholder=\"Langues parl\u00e9es\" name=\"textarea-968\"><\/textarea><\/span>\n<\/p>\n<p><label>Qualification<\/label><br \/>\n<span class=\"wpcf7-form-control-wrap\" data-name=\"menu-981\"><select class=\"wpcf7-form-control wpcf7-select wpcf7-validates-as-required\" aria-required=\"true\" aria-invalid=\"false\" name=\"menu-981\"><option value=\"\">&#8212;Please choose an option&#8212;<\/option><option value=\"Non apprenti\">Non apprenti<\/option><option value=\"Premi\u00e8re ann\u00e9e\">Premi\u00e8re ann\u00e9e<\/option><option value=\"Deuxi\u00e8me ann\u00e9e\">Deuxi\u00e8me ann\u00e9e<\/option><option value=\"Troisi\u00e8me ann\u00e9e\">Troisi\u00e8me ann\u00e9e<\/option><option value=\"Ouvrier qualifi\u00e9\">Ouvrier qualifi\u00e9<\/option><\/select><\/span>\n<\/p>\n<p><label>Exp\u00e9rience de travail<\/label><br \/>\n<span class=\"wpcf7-form-control-wrap\" data-name=\"textarea-969\"><textarea cols=\"40\" rows=\"10\" maxlength=\"2000\" class=\"wpcf7-form-control wpcf7-textarea wpcf7-validates-as-required\" aria-required=\"true\" aria-invalid=\"false\" placeholder=\"Exp\u00e9rience de travail\" name=\"textarea-969\"><\/textarea><\/span>\n<\/p>\n<p><label>Extras<\/label><br \/>\n<span class=\"wpcf7-form-control-wrap\" data-name=\"textarea-970\"><textarea cols=\"40\" rows=\"4\" maxlength=\"2000\" class=\"wpcf7-form-control wpcf7-textarea\" aria-invalid=\"false\" placeholder=\"Extras\" name=\"textarea-970\"><\/textarea><\/span>\n<\/p>\n<p><label>Vous voulez rajouter quelque chose?<\/label><br \/>\n<span class=\"wpcf7-form-control-wrap\" data-name=\"textarea-971\"><textarea cols=\"40\" rows=\"4\" maxlength=\"2000\" class=\"wpcf7-form-control wpcf7-textarea\" aria-invalid=\"false\" placeholder=\"Vous voulez rajouter quelque chose?\" name=\"textarea-971\"><\/textarea><\/span>\n<\/p>\n<div class=\"recaptcha\">\n\n<\/div>\n<p><input class=\"wpcf7-form-control wpcf7-submit has-spinner button button--brand\" type=\"submit\" value=\"Envoyer\" \/>\n<\/p><div class=\"wpcf7-response-output\" aria-hidden=\"true\"><\/div>\n<\/form>\n<\/div>\n<\/div>\n\n        <\/div>\n    <\/div>","protected":false},"excerpt":{"rendered":"<p>Si vous \u00eates sur cette page, cela signifie que vous \u00eates int\u00e9ress\u00e9 \u00e0 rejoindre notre \u00e9quipe. La premi\u00e8re chose \u00e0 savoir, c&rsquo;est que nous travaillons uniquement dans le secteur r\u00e9sidentiel, de sorte que les exigences pour ce travail vont au-del\u00e0 du travail que nous effectuons. Traiter directement avec le propri\u00e9taire de la maison, il faut [&hellip;]<\/p>\n","protected":false},"author":1,"featured_media":0,"parent":0,"menu_order":0,"comment_status":"closed","ping_status":"closed","template":"page-templates\/page-employment.php","meta":{"_acf_changed":false,"footnotes":""},"class_list":["post-1517","page","type-page","status-publish","hentry"],"acf":[],"yoast_head":"<!-- This site is optimized with the Yoast SEO plugin v27.0 - https:\/\/yoast.com\/product\/yoast-seo-wordpress\/ -->\n<title>Emploi - Danro<\/title>\n<meta name=\"robots\" content=\"index, follow, max-snippet:-1, max-image-preview:large, max-video-preview:-1\" \/>\n<link rel=\"canonical\" href=\"https:\/\/danro.ca\/fr\/employment\/\" \/>\n<meta property=\"og:locale\" content=\"fr_FR\" \/>\n<meta property=\"og:type\" content=\"article\" \/>\n<meta property=\"og:title\" content=\"Emploi - Danro\" \/>\n<meta property=\"og:description\" content=\"Si vous \u00eates sur cette page, cela signifie que vous \u00eates int\u00e9ress\u00e9 \u00e0 rejoindre notre \u00e9quipe. La premi\u00e8re chose \u00e0 savoir, c&rsquo;est que nous travaillons uniquement dans le secteur r\u00e9sidentiel, de sorte que les exigences pour ce travail vont au-del\u00e0 du travail que nous effectuons. Traiter directement avec le propri\u00e9taire de la maison, il faut [&hellip;]\" \/>\n<meta property=\"og:url\" content=\"https:\/\/danro.ca\/fr\/employment\/\" \/>\n<meta property=\"og:site_name\" content=\"Danro\" \/>\n<meta property=\"article:modified_time\" content=\"2018-09-03T09:13:18+00:00\" \/>\n<meta name=\"twitter:card\" content=\"summary_large_image\" \/>\n<script type=\"application\/ld+json\" class=\"yoast-schema-graph\">{\"@context\":\"https:\/\/schema.org\",\"@graph\":[{\"@type\":\"WebPage\",\"@id\":\"https:\/\/danro.ca\/fr\/employment\/\",\"url\":\"https:\/\/danro.ca\/fr\/employment\/\",\"name\":\"Emploi - Danro\",\"isPartOf\":{\"@id\":\"https:\/\/danro.ca\/#website\"},\"datePublished\":\"2018-08-26T00:06:50+00:00\",\"dateModified\":\"2018-09-03T09:13:18+00:00\",\"breadcrumb\":{\"@id\":\"https:\/\/danro.ca\/fr\/employment\/#breadcrumb\"},\"inLanguage\":\"fr-FR\",\"potentialAction\":[{\"@type\":\"ReadAction\",\"target\":[\"https:\/\/danro.ca\/fr\/employment\/\"]}]},{\"@type\":\"BreadcrumbList\",\"@id\":\"https:\/\/danro.ca\/fr\/employment\/#breadcrumb\",\"itemListElement\":[{\"@type\":\"ListItem\",\"position\":1,\"name\":\"Home\",\"item\":\"https:\/\/danro.ca\/fr\/\"},{\"@type\":\"ListItem\",\"position\":2,\"name\":\"Emploi\"}]},{\"@type\":\"WebSite\",\"@id\":\"https:\/\/danro.ca\/#website\",\"url\":\"https:\/\/danro.ca\/\",\"name\":\"Danro\",\"description\":\"\",\"potentialAction\":[{\"@type\":\"SearchAction\",\"target\":{\"@type\":\"EntryPoint\",\"urlTemplate\":\"https:\/\/danro.ca\/?s={search_term_string}\"},\"query-input\":{\"@type\":\"PropertyValueSpecification\",\"valueRequired\":true,\"valueName\":\"search_term_string\"}}],\"inLanguage\":\"fr-FR\"}]}<\/script>\n<!-- \/ Yoast SEO plugin. -->","yoast_head_json":{"title":"Emploi - Danro","robots":{"index":"index","follow":"follow","max-snippet":"max-snippet:-1","max-image-preview":"max-image-preview:large","max-video-preview":"max-video-preview:-1"},"canonical":"https:\/\/danro.ca\/fr\/employment\/","og_locale":"fr_FR","og_type":"article","og_title":"Emploi - Danro","og_description":"Si vous \u00eates sur cette page, cela signifie que vous \u00eates int\u00e9ress\u00e9 \u00e0 rejoindre notre \u00e9quipe. La premi\u00e8re chose \u00e0 savoir, c&rsquo;est que nous travaillons uniquement dans le secteur r\u00e9sidentiel, de sorte que les exigences pour ce travail vont au-del\u00e0 du travail que nous effectuons. Traiter directement avec le propri\u00e9taire de la maison, il faut [&hellip;]","og_url":"https:\/\/danro.ca\/fr\/employment\/","og_site_name":"Danro","article_modified_time":"2018-09-03T09:13:18+00:00","twitter_card":"summary_large_image","schema":{"@context":"https:\/\/schema.org","@graph":[{"@type":"WebPage","@id":"https:\/\/danro.ca\/fr\/employment\/","url":"https:\/\/danro.ca\/fr\/employment\/","name":"Emploi - Danro","isPartOf":{"@id":"https:\/\/danro.ca\/#website"},"datePublished":"2018-08-26T00:06:50+00:00","dateModified":"2018-09-03T09:13:18+00:00","breadcrumb":{"@id":"https:\/\/danro.ca\/fr\/employment\/#breadcrumb"},"inLanguage":"fr-FR","potentialAction":[{"@type":"ReadAction","target":["https:\/\/danro.ca\/fr\/employment\/"]}]},{"@type":"BreadcrumbList","@id":"https:\/\/danro.ca\/fr\/employment\/#breadcrumb","itemListElement":[{"@type":"ListItem","position":1,"name":"Home","item":"https:\/\/danro.ca\/fr\/"},{"@type":"ListItem","position":2,"name":"Emploi"}]},{"@type":"WebSite","@id":"https:\/\/danro.ca\/#website","url":"https:\/\/danro.ca\/","name":"Danro","description":"","potentialAction":[{"@type":"SearchAction","target":{"@type":"EntryPoint","urlTemplate":"https:\/\/danro.ca\/?s={search_term_string}"},"query-input":{"@type":"PropertyValueSpecification","valueRequired":true,"valueName":"search_term_string"}}],"inLanguage":"fr-FR"}]}},"_links":{"self":[{"href":"https:\/\/danro.ca\/fr\/wp-json\/wp\/v2\/pages\/1517","targetHints":{"allow":["GET"]}}],"collection":[{"href":"https:\/\/danro.ca\/fr\/wp-json\/wp\/v2\/pages"}],"about":[{"href":"https:\/\/danro.ca\/fr\/wp-json\/wp\/v2\/types\/page"}],"author":[{"embeddable":true,"href":"https:\/\/danro.ca\/fr\/wp-json\/wp\/v2\/users\/1"}],"replies":[{"embeddable":true,"href":"https:\/\/danro.ca\/fr\/wp-json\/wp\/v2\/comments?post=1517"}],"version-history":[{"count":0,"href":"https:\/\/danro.ca\/fr\/wp-json\/wp\/v2\/pages\/1517\/revisions"}],"wp:attachment":[{"href":"https:\/\/danro.ca\/fr\/wp-json\/wp\/v2\/media?parent=1517"}],"curies":[{"name":"wp","href":"https:\/\/api.w.org\/{rel}","templated":true}]}}