{"id":1503,"date":"2018-03-29T12:06:31","date_gmt":"2018-03-29T12:06:31","guid":{"rendered":"https:\/\/danro.ca\/pricing\/"},"modified":"2018-08-30T04:31:28","modified_gmt":"2018-08-30T04:31:28","slug":"pricing","status":"publish","type":"page","link":"https:\/\/danro.ca\/fr\/pricing\/","title":{"rendered":"PRIX"},"content":{"rendered":"<div class=\"am2-content clearfix\">\n            <div class=\"col-11\">\n            <p>Le co\u00fbt d&rsquo;un travail est important pour tout le monde (client \/ entrepreneur) dans la m\u00eame mesure. Ce<br \/>\nque chaque propri\u00e9taire devrait consid\u00e9rer lors de l&#8217;embauche d\u2019une entreprise, c&rsquo;est que le co\u00fbt du<br \/>\nservice est directement proportionnel \u00e0 la qualit\u00e9 du service. Dans le secteur r\u00e9sidentiel (o\u00f9 nous<br \/>\noffrons nos services), beaucoup d\u2019entrepreneurs ne sont ni licenci\u00e9s ni assur\u00e9s, raison pour laquelle les<br \/>\nprix varient \u00abde mani\u00e8re inexplicable \u00bb pour la majorit\u00e9 des propri\u00e9taires qui ont besoin de nos services.<\/p>\n\n        <\/div>\n    <\/div><section class=\"layout layout--full section section--iwt padding-none\">\n    <div class=\"wrapper wrapper--full\">\n        <div class=\"container\">\n            <div class=\"iwt\">\n                            <div class=\"iwt__single col-13\">\n                    <figure class=\"iwt__single-icon\">\n                        <img loading=\"lazy\" decoding=\"async\" src=\"https:\/\/danro.ca\/wp-content\/uploads\/2018\/03\/icon-1.png\" width=\"80\" height=\"81\" alt=\"Le co\u00fbt d'un service est directement proportionnel \u00e0 la qualit\u00e9 du service\">\n                    <\/figure>\n                    <p class=\"iwt__single-icon-title\">Le co\u00fbt d'un service est directement proportionnel \u00e0 la qualit\u00e9 du service<\/p>\n                <\/div>\n                            <div class=\"iwt__single col-13\">\n                    <figure class=\"iwt__single-icon\">\n                        <img loading=\"lazy\" decoding=\"async\" src=\"https:\/\/danro.ca\/wp-content\/uploads\/2018\/03\/icon-2.png\" width=\"60\" height=\"74\" alt=\"Personnel professionnel hautement qualifi\u00e9\">\n                    <\/figure>\n                    <p class=\"iwt__single-icon-title\">Personnel professionnel hautement qualifi\u00e9<\/p>\n                <\/div>\n                            <div class=\"iwt__single col-13\">\n                    <figure class=\"iwt__single-icon\">\n                        <img loading=\"lazy\" decoding=\"async\" src=\"https:\/\/danro.ca\/wp-content\/uploads\/2018\/03\/icon-3.png\" width=\"51\" height=\"77\" alt=\"Prix fixe\">\n                    <\/figure>\n                    <p class=\"iwt__single-icon-title\">Prix fixe<\/p>\n                <\/div>\n                        <\/div>\n        <\/div>\n    <\/div>\n<\/section><div class=\"am2-content clearfix\">\n            <div class=\"col-11\">\n            <p>Quand on pense aux prix, les entrepreneurs ne doivent se diff\u00e9rencier que par le pourcentage de profit<br \/>\najout\u00e9 au prix (pas plus de 15%), le taux horaire de base doit \u00eatre le m\u00eame pour tout le monde (qui est<br \/>\nautoris\u00e9 \u00e0 faire le travail). Avant de juger de la tarification, il suffit de consid\u00e9rer tous les facteurs<br \/>\nimpliqu\u00e9s dans le calcul du prix final.<\/p>\n<p>Chaque entreprise qui a des employ\u00e9s et est licenci\u00e9e et assur\u00e9e ne peut m\u00eame pas \u00eatre plac\u00e9e dans la<br \/>\nm\u00eame cat\u00e9gorie que les travailleurs ind\u00e9pendants sur la derni\u00e8re page du journal local.<\/p>\n\n        <\/div>\n    <\/div><section class=\"layout layout--wide section section--contact-options padding-none\">\n    <div class=\"wrapper\">\n        <div class=\"container layout--padding-none\">\n            <div class=\"contact-options\">\n                                    <h6 class=\"contact-options__main-title will-animate\" data-appear-effect=\"fadeInLeft\" data-appear-delay=\"400\">Lorsque vous envisagez d'embaucher un professionnel pour tout travail requis chez vous,<br> vous devez d\u00e9cider de ce qui est le plus important pour vous:<\/h6>\n                                <div class=\"contact-options__left-half js-match-height-contact\">\n                                            <figure class=\"contact-options__icon\" style=\"background-image: url('https:\/\/danro.ca\/wp-content\/uploads\/2018\/01\/about-icon-5-1.png');\">\n                                                    <\/figure>\n                                                                <h6 class=\"contact-options__title\">PAYER MOINS?<\/h6>\n                                                                <p class=\"contact-options__description\">... et embaucher un commer\u00e7ant douteux qui peut ou peut ne pas se pr\u00e9senter \u00e0 l'heure (ou pas du<br \/>\r\ntout) pour le rendez-vous, faire un travail douteux de qualit\u00e9 et laisser un d\u00e9sordre pour vous de<br \/>\r\nnettoyer ...<\/p>\n                                    <\/div>\n                <div class=\"contact-options__middle-seperator js-match-height-contact\"><span>OR<\/span><\/div>\n                <div class=\"contact-options__right-half js-match-height-contact\">\n                                            <figure class=\"contact-options__icon\" style=\"background-image: url('https:\/\/danro.ca\/wp-content\/uploads\/2018\/01\/about-icon-1.png');\">\n                                                    <\/figure>\n                                                                <h6 class=\"contact-options__title\">Payer le bon prix?<\/h6>\n                                                                <p class=\"contact-options__description\">... et embaucher un entrepreneur agr\u00e9\u00e9 et assur\u00e9 qui est \u00e0 l'heure, ne demande aucun d\u00e9p\u00f4t et vous<br \/>\r\ngarantit un travail impeccable.<\/p>\n                                    <\/div>\n                <div class=\"contact-options__bottom\">\n                                            <p class=\"contact-options__bottom-title\">Si vous choisissez la seconde option, vous \u00eates au bon endroit.<br> Contactez-nous pour plus d'informations ou un devis gratuit.<\/p>\n                                                            <a href=\"#\" class=\"button button--large\">Nous contacter<\/a>\n                                                            <a href=\"#\" class=\"button button--round-blue\">\n                    <span class=\"button--round-blue-icon\">\n                        <svg class=\"svg-icon--phone-dims\">\n                            <use xlink:href=\"https:\/\/danro.ca\/wp-content\/themes\/am2\/assets\/images\/sprite.svg#icon--phone\"><\/use>\n                        <\/svg>\n                    <\/span>\n\t\t\t\t\t(514) 591-2327<\/a>\n                                    <\/div>\n            <\/div>\n        <\/div>\n    <\/div>\n<\/section>\n<script>\n    $( document ).ready( function() {\n        var args = {\n            elementClass: 'js-match-height-contact',\n\t\t};\n\n\t\tam2.main.loadScript( 'match-height', am2.templateDirectory + '\/resources\/js\/jquery.matchHeight.js', function() {\n\t\t\treturn am2.main.matchHeight( args );\n\t\t});\n\t});\n<\/script><div class=\"am2-content clearfix\">\n            <div class=\"col-11\">\n            <p style=\"text-align: left;\">Pour r\u00e9duire les co\u00fbts, de nombreux propri\u00e9taires commencent eux-m\u00eames le travail pour d\u00e9couvrir qu&rsquo;ils ne sont pas capables de terminer le travail ou que la qualit\u00e9 est discutable. Notre conseil est de<br \/>\nlaisser le travail pour les professionnels uniquement parce qu\u2019\u00e0 la fin cela vous co\u00fbtera plus cher &#8211; vous<br \/>\ndevrez embaucher un professionnel non seulement pour refaire mais pour prendre le temps de d\u00e9faire<br \/>\nce qui a \u00e9t\u00e9 mal fait!<\/p>\n<p style=\"text-align: left;\">Il n&rsquo;y a pas deux emplois identiques, alors les prix varient. C&rsquo;est pourquoi nous vous rencontrerons sur place pour une consultation et dans les 24h vous recevrez, par email, un devis \u00e9crit (fichier format PDF) avec un prix fixe (ne changera pas \u00e0 la fin si cela nous prendra plus de temps pour terminer le travail)<br \/>\ncontenant toutes les informations n\u00e9cessaires (co\u00fbt, mat\u00e9riel, m\u00e9thodologie, d\u00e9lai de livraison) pour<br \/>\nque vous preniez une d\u00e9cision \u00e9clair\u00e9e.<\/p>\n<p style=\"text-align: center;\"><strong>Nous sommes l\u00e0 pour travailler avec et pour vous!<\/strong><\/p>\n\n        <\/div>\n    <\/div>","protected":false},"excerpt":{"rendered":"<p>Le co\u00fbt d&rsquo;un travail est important pour tout le monde (client \/ entrepreneur) dans la m\u00eame mesure. Ce que chaque propri\u00e9taire devrait consid\u00e9rer lors de l&#8217;embauche d\u2019une entreprise, c&rsquo;est que le co\u00fbt du service est directement proportionnel \u00e0 la qualit\u00e9 du service. Dans le secteur r\u00e9sidentiel (o\u00f9 nous offrons nos services), beaucoup d\u2019entrepreneurs ne sont [&hellip;]<\/p>\n","protected":false},"author":1,"featured_media":0,"parent":0,"menu_order":0,"comment_status":"closed","ping_status":"closed","template":"page-templates\/page-pricing.php","meta":{"_acf_changed":false,"footnotes":""},"class_list":["post-1503","page","type-page","status-publish","hentry"],"acf":[],"yoast_head":"<!-- This site is optimized with the Yoast SEO plugin v27.0 - https:\/\/yoast.com\/product\/yoast-seo-wordpress\/ -->\n<title>PRIX - Danro<\/title>\n<meta name=\"robots\" content=\"index, follow, max-snippet:-1, max-image-preview:large, max-video-preview:-1\" \/>\n<link rel=\"canonical\" href=\"https:\/\/danro.ca\/fr\/pricing\/\" \/>\n<meta property=\"og:locale\" content=\"fr_FR\" \/>\n<meta property=\"og:type\" content=\"article\" \/>\n<meta property=\"og:title\" content=\"PRIX - Danro\" \/>\n<meta property=\"og:description\" content=\"Le co\u00fbt d&rsquo;un travail est important pour tout le monde (client \/ entrepreneur) dans la m\u00eame mesure. Ce que chaque propri\u00e9taire devrait consid\u00e9rer lors de l&#8217;embauche d\u2019une entreprise, c&rsquo;est que le co\u00fbt du service est directement proportionnel \u00e0 la qualit\u00e9 du service. Dans le secteur r\u00e9sidentiel (o\u00f9 nous offrons nos services), beaucoup d\u2019entrepreneurs ne sont [&hellip;]\" \/>\n<meta property=\"og:url\" content=\"https:\/\/danro.ca\/fr\/pricing\/\" \/>\n<meta property=\"og:site_name\" content=\"Danro\" \/>\n<meta property=\"article:modified_time\" content=\"2018-08-30T04:31:28+00:00\" \/>\n<meta name=\"twitter:card\" content=\"summary_large_image\" \/>\n<script type=\"application\/ld+json\" class=\"yoast-schema-graph\">{\"@context\":\"https:\/\/schema.org\",\"@graph\":[{\"@type\":\"WebPage\",\"@id\":\"https:\/\/danro.ca\/fr\/pricing\/\",\"url\":\"https:\/\/danro.ca\/fr\/pricing\/\",\"name\":\"PRIX - Danro\",\"isPartOf\":{\"@id\":\"https:\/\/danro.ca\/#website\"},\"datePublished\":\"2018-03-29T12:06:31+00:00\",\"dateModified\":\"2018-08-30T04:31:28+00:00\",\"breadcrumb\":{\"@id\":\"https:\/\/danro.ca\/fr\/pricing\/#breadcrumb\"},\"inLanguage\":\"fr-FR\",\"potentialAction\":[{\"@type\":\"ReadAction\",\"target\":[\"https:\/\/danro.ca\/fr\/pricing\/\"]}]},{\"@type\":\"BreadcrumbList\",\"@id\":\"https:\/\/danro.ca\/fr\/pricing\/#breadcrumb\",\"itemListElement\":[{\"@type\":\"ListItem\",\"position\":1,\"name\":\"Home\",\"item\":\"https:\/\/danro.ca\/fr\/\"},{\"@type\":\"ListItem\",\"position\":2,\"name\":\"PRIX\"}]},{\"@type\":\"WebSite\",\"@id\":\"https:\/\/danro.ca\/#website\",\"url\":\"https:\/\/danro.ca\/\",\"name\":\"Danro\",\"description\":\"\",\"potentialAction\":[{\"@type\":\"SearchAction\",\"target\":{\"@type\":\"EntryPoint\",\"urlTemplate\":\"https:\/\/danro.ca\/?s={search_term_string}\"},\"query-input\":{\"@type\":\"PropertyValueSpecification\",\"valueRequired\":true,\"valueName\":\"search_term_string\"}}],\"inLanguage\":\"fr-FR\"}]}<\/script>\n<!-- \/ Yoast SEO plugin. -->","yoast_head_json":{"title":"PRIX - Danro","robots":{"index":"index","follow":"follow","max-snippet":"max-snippet:-1","max-image-preview":"max-image-preview:large","max-video-preview":"max-video-preview:-1"},"canonical":"https:\/\/danro.ca\/fr\/pricing\/","og_locale":"fr_FR","og_type":"article","og_title":"PRIX - Danro","og_description":"Le co\u00fbt d&rsquo;un travail est important pour tout le monde (client \/ entrepreneur) dans la m\u00eame mesure. Ce que chaque propri\u00e9taire devrait consid\u00e9rer lors de l&#8217;embauche d\u2019une entreprise, c&rsquo;est que le co\u00fbt du service est directement proportionnel \u00e0 la qualit\u00e9 du service. Dans le secteur r\u00e9sidentiel (o\u00f9 nous offrons nos services), beaucoup d\u2019entrepreneurs ne sont [&hellip;]","og_url":"https:\/\/danro.ca\/fr\/pricing\/","og_site_name":"Danro","article_modified_time":"2018-08-30T04:31:28+00:00","twitter_card":"summary_large_image","schema":{"@context":"https:\/\/schema.org","@graph":[{"@type":"WebPage","@id":"https:\/\/danro.ca\/fr\/pricing\/","url":"https:\/\/danro.ca\/fr\/pricing\/","name":"PRIX - Danro","isPartOf":{"@id":"https:\/\/danro.ca\/#website"},"datePublished":"2018-03-29T12:06:31+00:00","dateModified":"2018-08-30T04:31:28+00:00","breadcrumb":{"@id":"https:\/\/danro.ca\/fr\/pricing\/#breadcrumb"},"inLanguage":"fr-FR","potentialAction":[{"@type":"ReadAction","target":["https:\/\/danro.ca\/fr\/pricing\/"]}]},{"@type":"BreadcrumbList","@id":"https:\/\/danro.ca\/fr\/pricing\/#breadcrumb","itemListElement":[{"@type":"ListItem","position":1,"name":"Home","item":"https:\/\/danro.ca\/fr\/"},{"@type":"ListItem","position":2,"name":"PRIX"}]},{"@type":"WebSite","@id":"https:\/\/danro.ca\/#website","url":"https:\/\/danro.ca\/","name":"Danro","description":"","potentialAction":[{"@type":"SearchAction","target":{"@type":"EntryPoint","urlTemplate":"https:\/\/danro.ca\/?s={search_term_string}"},"query-input":{"@type":"PropertyValueSpecification","valueRequired":true,"valueName":"search_term_string"}}],"inLanguage":"fr-FR"}]}},"_links":{"self":[{"href":"https:\/\/danro.ca\/fr\/wp-json\/wp\/v2\/pages\/1503","targetHints":{"allow":["GET"]}}],"collection":[{"href":"https:\/\/danro.ca\/fr\/wp-json\/wp\/v2\/pages"}],"about":[{"href":"https:\/\/danro.ca\/fr\/wp-json\/wp\/v2\/types\/page"}],"author":[{"embeddable":true,"href":"https:\/\/danro.ca\/fr\/wp-json\/wp\/v2\/users\/1"}],"replies":[{"embeddable":true,"href":"https:\/\/danro.ca\/fr\/wp-json\/wp\/v2\/comments?post=1503"}],"version-history":[{"count":0,"href":"https:\/\/danro.ca\/fr\/wp-json\/wp\/v2\/pages\/1503\/revisions"}],"wp:attachment":[{"href":"https:\/\/danro.ca\/fr\/wp-json\/wp\/v2\/media?parent=1503"}],"curies":[{"name":"wp","href":"https:\/\/api.w.org\/{rel}","templated":true}]}}