{"id":1483,"date":"2018-01-16T17:15:55","date_gmt":"2018-01-16T17:15:55","guid":{"rendered":"https:\/\/danro.ca\/services\/"},"modified":"2018-08-07T05:24:59","modified_gmt":"2018-08-07T05:24:59","slug":"services","status":"publish","type":"page","link":"https:\/\/danro.ca\/fr\/services\/","title":{"rendered":"Services"},"content":{"rendered":"<section class=\"layout layout--wide section section--services-block padding-none\" >\n    <div class=\"wrapper wrapper--full\">\n        <div class=\"container\">\n            <div class=\"services-block padding-large\">\n                                    <h2 class=\"services-block__title will-animate\" data-appear-effect=\"fadeInLeft\" data-appear-delay=\"400\">Services<\/h2>\n                                                    <p class=\"services-block__subtitle will-animate\" data-appear-effect=\"fadeInLeft\" data-appear-delay=\"200\">Nous offrons deux cat\u00e9gories de services: la finition de pl\u00e2tre et la peinture.<\/p>\n                                                    <div class=\"services-block__services\">\n                                        <div class=\"services-block__single-service col-13 \">\n                        <figure class=\"services-block__single-image\">\n                            <img loading=\"lazy\" decoding=\"async\" src=\"https:\/\/danro.ca\/wp-content\/uploads\/2018\/01\/dry-wall.png\" width=\"165\" height=\"165\" alt=\"Installation de cloison s\u00e8che\">\n                            <figcaption>\n                                <a href=\"https:\/\/danro.ca\/fr\/services\/installation-de-cloison-seche\/\" class=\"services-block__single-title-link\"><h6 class=\"services-block__single-title\">Installation de cloison s\u00e8che<\/h6><\/a>\n                            <\/figcaption>\n                            <div class=\"services-block__single-button\">\n                                <a href=\"https:\/\/danro.ca\/fr\/services\/installation-de-cloison-seche\/\" class=\"button button--brand\">En savoir plus<\/a>\n                            <\/div>\n                        <\/figure>\n                    <\/div>\n                                        <div class=\"services-block__single-service col-13 \">\n                        <figure class=\"services-block__single-image\">\n                            <img loading=\"lazy\" decoding=\"async\" src=\"https:\/\/danro.ca\/wp-content\/uploads\/2018\/01\/plater.png\" width=\"165\" height=\"165\" alt=\"Pl\u00e2trage de cloisons s\u00e8ches\">\n                            <figcaption>\n                                <a href=\"https:\/\/danro.ca\/fr\/services\/platrage-de-cloisons-seches\/\" class=\"services-block__single-title-link\"><h6 class=\"services-block__single-title\">Pl\u00e2trage de cloisons s\u00e8ches<\/h6><\/a>\n                            <\/figcaption>\n                            <div class=\"services-block__single-button\">\n                                <a href=\"https:\/\/danro.ca\/fr\/services\/platrage-de-cloisons-seches\/\" class=\"button button--brand\">En savoir plus<\/a>\n                            <\/div>\n                        <\/figure>\n                    <\/div>\n                                        <div class=\"services-block__single-service col-13 \">\n                        <figure class=\"services-block__single-image\">\n                            <img loading=\"lazy\" decoding=\"async\" src=\"https:\/\/danro.ca\/wp-content\/uploads\/2018\/01\/paint.png\" width=\"165\" height=\"165\" alt=\"Services de peinture\">\n                            <figcaption>\n                                <a href=\"https:\/\/danro.ca\/fr\/services\/services-de-peinture-interieure\/\" class=\"services-block__single-title-link\"><h6 class=\"services-block__single-title\">Services de peinture<\/h6><\/a>\n                            <\/figcaption>\n                            <div class=\"services-block__single-button\">\n                                <a href=\"https:\/\/danro.ca\/fr\/services\/services-de-peinture-interieure\/\" class=\"button button--brand\">En savoir plus<\/a>\n                            <\/div>\n                        <\/figure>\n                    <\/div>\n                                        <\/div>\n                            <\/div>\n        <\/div>\n    <\/div>\n<\/section>","protected":false},"excerpt":{"rendered":"<p>Services Nous offrons deux cat\u00e9gories de services: la finition de pl\u00e2tre et la peinture. Installation de cloison s\u00e8che En savoir plus Pl\u00e2trage de cloisons s\u00e8ches En savoir plus Services de peinture En savoir plus<\/p>\n","protected":false},"author":1,"featured_media":0,"parent":0,"menu_order":0,"comment_status":"closed","ping_status":"closed","template":"page-templates\/full-width.php","meta":{"_acf_changed":false,"footnotes":""},"class_list":["post-1483","page","type-page","status-publish","hentry"],"acf":[],"yoast_head":"<!-- This site is optimized with the Yoast SEO plugin v27.0 - https:\/\/yoast.com\/product\/yoast-seo-wordpress\/ -->\n<title>Services - Danro<\/title>\n<meta name=\"robots\" content=\"index, follow, max-snippet:-1, max-image-preview:large, max-video-preview:-1\" \/>\n<link rel=\"canonical\" href=\"https:\/\/danro.ca\/fr\/services\/\" \/>\n<meta property=\"og:locale\" content=\"fr_FR\" \/>\n<meta property=\"og:type\" content=\"article\" \/>\n<meta property=\"og:title\" content=\"Services - Danro\" \/>\n<meta property=\"og:description\" content=\"Services Nous offrons deux cat\u00e9gories de services: la finition de pl\u00e2tre et la peinture. Installation de cloison s\u00e8che En savoir plus Pl\u00e2trage de cloisons s\u00e8ches En savoir plus Services de peinture En savoir plus\" \/>\n<meta property=\"og:url\" content=\"https:\/\/danro.ca\/fr\/services\/\" \/>\n<meta property=\"og:site_name\" content=\"Danro\" \/>\n<meta property=\"article:modified_time\" content=\"2018-08-07T05:24:59+00:00\" \/>\n<meta name=\"twitter:card\" content=\"summary_large_image\" \/>\n<script type=\"application\/ld+json\" class=\"yoast-schema-graph\">{\"@context\":\"https:\/\/schema.org\",\"@graph\":[{\"@type\":\"WebPage\",\"@id\":\"https:\/\/danro.ca\/fr\/services\/\",\"url\":\"https:\/\/danro.ca\/fr\/services\/\",\"name\":\"Services - Danro\",\"isPartOf\":{\"@id\":\"https:\/\/danro.ca\/#website\"},\"datePublished\":\"2018-01-16T17:15:55+00:00\",\"dateModified\":\"2018-08-07T05:24:59+00:00\",\"breadcrumb\":{\"@id\":\"https:\/\/danro.ca\/fr\/services\/#breadcrumb\"},\"inLanguage\":\"fr-FR\",\"potentialAction\":[{\"@type\":\"ReadAction\",\"target\":[\"https:\/\/danro.ca\/fr\/services\/\"]}]},{\"@type\":\"BreadcrumbList\",\"@id\":\"https:\/\/danro.ca\/fr\/services\/#breadcrumb\",\"itemListElement\":[{\"@type\":\"ListItem\",\"position\":1,\"name\":\"Home\",\"item\":\"https:\/\/danro.ca\/fr\/\"},{\"@type\":\"ListItem\",\"position\":2,\"name\":\"Services\"}]},{\"@type\":\"WebSite\",\"@id\":\"https:\/\/danro.ca\/#website\",\"url\":\"https:\/\/danro.ca\/\",\"name\":\"Danro\",\"description\":\"\",\"potentialAction\":[{\"@type\":\"SearchAction\",\"target\":{\"@type\":\"EntryPoint\",\"urlTemplate\":\"https:\/\/danro.ca\/?s={search_term_string}\"},\"query-input\":{\"@type\":\"PropertyValueSpecification\",\"valueRequired\":true,\"valueName\":\"search_term_string\"}}],\"inLanguage\":\"fr-FR\"}]}<\/script>\n<!-- \/ Yoast SEO plugin. -->","yoast_head_json":{"title":"Services - Danro","robots":{"index":"index","follow":"follow","max-snippet":"max-snippet:-1","max-image-preview":"max-image-preview:large","max-video-preview":"max-video-preview:-1"},"canonical":"https:\/\/danro.ca\/fr\/services\/","og_locale":"fr_FR","og_type":"article","og_title":"Services - Danro","og_description":"Services Nous offrons deux cat\u00e9gories de services: la finition de pl\u00e2tre et la peinture. Installation de cloison s\u00e8che En savoir plus Pl\u00e2trage de cloisons s\u00e8ches En savoir plus Services de peinture En savoir plus","og_url":"https:\/\/danro.ca\/fr\/services\/","og_site_name":"Danro","article_modified_time":"2018-08-07T05:24:59+00:00","twitter_card":"summary_large_image","schema":{"@context":"https:\/\/schema.org","@graph":[{"@type":"WebPage","@id":"https:\/\/danro.ca\/fr\/services\/","url":"https:\/\/danro.ca\/fr\/services\/","name":"Services - Danro","isPartOf":{"@id":"https:\/\/danro.ca\/#website"},"datePublished":"2018-01-16T17:15:55+00:00","dateModified":"2018-08-07T05:24:59+00:00","breadcrumb":{"@id":"https:\/\/danro.ca\/fr\/services\/#breadcrumb"},"inLanguage":"fr-FR","potentialAction":[{"@type":"ReadAction","target":["https:\/\/danro.ca\/fr\/services\/"]}]},{"@type":"BreadcrumbList","@id":"https:\/\/danro.ca\/fr\/services\/#breadcrumb","itemListElement":[{"@type":"ListItem","position":1,"name":"Home","item":"https:\/\/danro.ca\/fr\/"},{"@type":"ListItem","position":2,"name":"Services"}]},{"@type":"WebSite","@id":"https:\/\/danro.ca\/#website","url":"https:\/\/danro.ca\/","name":"Danro","description":"","potentialAction":[{"@type":"SearchAction","target":{"@type":"EntryPoint","urlTemplate":"https:\/\/danro.ca\/?s={search_term_string}"},"query-input":{"@type":"PropertyValueSpecification","valueRequired":true,"valueName":"search_term_string"}}],"inLanguage":"fr-FR"}]}},"_links":{"self":[{"href":"https:\/\/danro.ca\/fr\/wp-json\/wp\/v2\/pages\/1483","targetHints":{"allow":["GET"]}}],"collection":[{"href":"https:\/\/danro.ca\/fr\/wp-json\/wp\/v2\/pages"}],"about":[{"href":"https:\/\/danro.ca\/fr\/wp-json\/wp\/v2\/types\/page"}],"author":[{"embeddable":true,"href":"https:\/\/danro.ca\/fr\/wp-json\/wp\/v2\/users\/1"}],"replies":[{"embeddable":true,"href":"https:\/\/danro.ca\/fr\/wp-json\/wp\/v2\/comments?post=1483"}],"version-history":[{"count":0,"href":"https:\/\/danro.ca\/fr\/wp-json\/wp\/v2\/pages\/1483\/revisions"}],"wp:attachment":[{"href":"https:\/\/danro.ca\/fr\/wp-json\/wp\/v2\/media?parent=1483"}],"curies":[{"name":"wp","href":"https:\/\/api.w.org\/{rel}","templated":true}]}}